{"id":2785,"date":"2020-11-23T16:34:23","date_gmt":"2020-11-23T13:34:23","guid":{"rendered":"https:\/\/www.hithermcon.com\/web\/?page_id=2785"},"modified":"2026-02-09T20:43:12","modified_gmt":"2026-02-09T17:43:12","slug":"bakir-endustrisi","status":"publish","type":"page","link":"https:\/\/www.hithermcon.com\/htc\/urunler\/bakir-endustrisi\/","title":{"rendered":"Bak\u0131r End\u00fcstrisi"},"content":{"rendered":"\n<div class=\"wp-block-columns is-layout-flex wp-container-core-columns-is-layout-28f84493 wp-block-columns-is-layout-flex\">\n<div class=\"wp-block-column is-layout-flow wp-block-column-is-layout-flow\" style=\"flex-basis:50%\">\n<div class=\"wp-block-cover alignfull has-border-color has-ast-global-color-8-border-color\" style=\"border-width:3px;border-top-left-radius:10px;border-top-right-radius:10px;border-bottom-left-radius:10px;border-bottom-right-radius:10px;letter-spacing:9px\"><img loading=\"lazy\" decoding=\"async\" width=\"960\" height=\"960\" class=\"wp-block-cover__image-background wp-image-6877 size-full\" alt=\"\" src=\"https:\/\/www.hithermcon.com\/htc\/wp-content\/uploads\/2020\/11\/bakir-flip-card-on.jpg\" data-object-fit=\"cover\" srcset=\"https:\/\/www.hithermcon.com\/htc\/wp-content\/uploads\/2020\/11\/bakir-flip-card-on.jpg 960w, https:\/\/www.hithermcon.com\/htc\/wp-content\/uploads\/2020\/11\/bakir-flip-card-on-300x300.jpg 300w, https:\/\/www.hithermcon.com\/htc\/wp-content\/uploads\/2020\/11\/bakir-flip-card-on-150x150.jpg 150w, https:\/\/www.hithermcon.com\/htc\/wp-content\/uploads\/2020\/11\/bakir-flip-card-on-768x768.jpg 768w, https:\/\/www.hithermcon.com\/htc\/wp-content\/uploads\/2020\/11\/bakir-flip-card-on-12x12.jpg 12w\" sizes=\"auto, (max-width: 960px) 100vw, 960px\" \/><span aria-hidden=\"true\" class=\"wp-block-cover__background has-background-dim-70 has-background-dim\"><\/span><div class=\"wp-block-cover__inner-container is-layout-flow wp-block-cover-is-layout-flow\">\n<h3 class=\"gb-text-b0cd83a9\"><span class=\"gb-shape\"><svg aria-hidden=\"true\" role=\"img\" height=\"1em\" width=\"1em\" viewBox=\"0 0 256 512\" xmlns=\"http:\/\/www.w3.org\/2000\/svg\"><path fill=\"currentColor\" d=\"M224.3 273l-136 136c-9.4 9.4-24.6 9.4-33.9 0l-22.6-22.6c-9.4-9.4-9.4-24.6 0-33.9l96.4-96.4-96.4-96.4c-9.4-9.4-9.4-24.6 0-33.9L54.3 103c9.4-9.4 24.6-9.4 33.9 0l136 136c9.5 9.4 9.5 24.6.1 34z\"><\/path><\/svg><\/span><span class=\"gb-text\">Bak\u0131r End\u00fcstrisine Y\u00f6nelik \u00dcr\u00fcnler<\/span><\/h3>\n<\/div><\/div>\n<\/div>\n\n\n\n<div class=\"wp-block-column is-layout-flow wp-block-column-is-layout-flow\" style=\"flex-basis:50%\"><ul class=\"wp-block-page-list\"><li class=\"wp-block-pages-list__item\"><a class=\"wp-block-pages-list__item__link\" href=\"https:\/\/www.hithermcon.com\/htc\/urunler\/bakir-endustrisi\/bakir-ergitme-firinlari\/\">Bak\u0131r Ergitme F\u0131r\u0131nlar\u0131<\/a><\/li><\/ul><\/div>\n<\/div>\n\n\n\n<hr class=\"wp-block-separator has-alpha-channel-opacity is-style-wide\"\/>\n\n\n\n<div class=\"wp-block-columns is-layout-flex wp-container-core-columns-is-layout-28f84493 wp-block-columns-is-layout-flex\">\n<div class=\"wp-block-column is-layout-flow wp-block-column-is-layout-flow\">\n<h3 class=\"wp-block-heading\">\u00dcr\u00fcn Gruplar\u0131<\/h3>\n<\/div>\n<\/div>\n\n\n\n<div class=\"wp-block-columns alignwide is-layout-flex wp-container-core-columns-is-layout-4d17cc75 wp-block-columns-is-layout-flex\" style=\"margin-bottom:0;padding-top:var(--wp--preset--spacing--20);padding-bottom:var(--wp--preset--spacing--20)\">\n<div class=\"wp-block-column has-ast-global-color-3-background-color has-background is-layout-flow wp-block-column-is-layout-flow\" style=\"border-top-left-radius:10px;border-top-right-radius:10px;border-bottom-left-radius:10px;border-bottom-right-radius:10px;padding-top:2em;padding-right:2em;padding-bottom:2em;padding-left:2em\">\n<h4 class=\"gb-text-158f0eb4\"><span class=\"gb-shape\"><svg aria-hidden=\"true\" role=\"img\" height=\"1em\" width=\"1em\" viewBox=\"0 0 512 512\" xmlns=\"http:\/\/www.w3.org\/2000\/svg\"><path fill=\"currentColor\" d=\"M440 6.5L24 246.4c-34.4 19.9-31.1 70.8 5.7 85.9L144 379.6V464c0 46.4 59.2 65.5 86.6 28.6l43.8-59.1 111.9 46.2c5.9 2.4 12.1 3.6 18.3 3.6 8.2 0 16.3-2.1 23.6-6.2 12.8-7.2 21.6-20 23.9-34.5l59.4-387.2c6.1-40.1-36.9-68.8-71.5-48.9zM192 464v-64.6l36.6 15.1L192 464zm212.6-28.7l-153.8-63.5L391 169.5c10.7-15.5-9.5-33.5-23.7-21.2L155.8 332.6 48 288 464 48l-59.4 387.3z\"><\/path><\/svg><\/span><span class=\"gb-text\"><a href=\"https:\/\/www.hithermcon.com\/htc\/urunler\/aluminyum-endustrisi\/\" data-type=\"page\" data-id=\"2782\">Al\u00fcminyum<br>End\u00fcstrisi<\/a><\/span><\/h4>\n\n\n\n<hr class=\"wp-block-separator alignfull has-text-color has-alpha-channel-opacity has-background is-style-wide\" style=\"background-color:#ff2222;color:#ff2222\"\/>\n\n\n\n<figure class=\"wp-block-image size-full has-custom-border is-style-default\"><a href=\"https:\/\/www.hithermcon.com\/htc\/urunler\/aluminyum-endustrisi\/\"><img loading=\"lazy\" decoding=\"async\" width=\"960\" height=\"960\" src=\"https:\/\/www.hithermcon.com\/htc\/wp-content\/uploads\/2024\/09\/aluminyum-flip-card-on.jpg\" alt=\"\" class=\"wp-image-6882\" style=\"border-top-left-radius:10px;border-top-right-radius:10px;border-bottom-left-radius:10px;border-bottom-right-radius:10px\" srcset=\"https:\/\/www.hithermcon.com\/htc\/wp-content\/uploads\/2024\/09\/aluminyum-flip-card-on.jpg 960w, https:\/\/www.hithermcon.com\/htc\/wp-content\/uploads\/2024\/09\/aluminyum-flip-card-on-300x300.jpg 300w, https:\/\/www.hithermcon.com\/htc\/wp-content\/uploads\/2024\/09\/aluminyum-flip-card-on-150x150.jpg 150w, https:\/\/www.hithermcon.com\/htc\/wp-content\/uploads\/2024\/09\/aluminyum-flip-card-on-768x768.jpg 768w, https:\/\/www.hithermcon.com\/htc\/wp-content\/uploads\/2024\/09\/aluminyum-flip-card-on-12x12.jpg 12w\" sizes=\"auto, (max-width: 960px) 100vw, 960px\" \/><\/a><\/figure>\n<\/div>\n\n\n\n<div class=\"wp-block-column has-ast-global-color-3-background-color has-background is-layout-flow wp-block-column-is-layout-flow\" style=\"border-top-left-radius:10px;border-top-right-radius:10px;border-bottom-left-radius:10px;border-bottom-right-radius:10px;padding-top:2em;padding-right:2em;padding-bottom:2em;padding-left:2em\">\n<h4 class=\"gb-text-42a9868e\"><span class=\"gb-shape\"><svg aria-hidden=\"true\" role=\"img\" height=\"1em\" width=\"1em\" viewBox=\"0 0 448 512\" xmlns=\"http:\/\/www.w3.org\/2000\/svg\"><path fill=\"currentColor\" d=\"M323.56 51.2c-20.8 19.3-39.58 39.59-56.22 59.97C240.08 73.62 206.28 35.53 168 0 69.74 91.17 0 209.96 0 281.6 0 408.85 100.29 512 224 512s224-103.15 224-230.4c0-53.27-51.98-163.14-124.44-230.4zm-19.47 340.65C282.43 407.01 255.72 416 226.86 416 154.71 416 96 368.26 96 290.75c0-38.61 24.31-72.63 72.79-130.75 6.93 7.98 98.83 125.34 98.83 125.34l58.63-66.88c4.14 6.85 7.91 13.55 11.27 19.97 27.35 52.19 15.81 118.97-33.43 153.42z\"><\/path><\/svg><\/span><span class=\"gb-text\"><a href=\"https:\/\/www.hithermcon.com\/htc\/urunler\/demir-celik-endustrisi\/\" data-type=\"page\" data-id=\"2784\">Demir-\u00c7elik<br>End\u00fcstrisi<\/a><\/span><\/h4>\n\n\n\n<hr class=\"wp-block-separator alignfull has-text-color has-alpha-channel-opacity has-background is-style-wide\" style=\"background-color:#ff2222;color:#ff2222\"\/>\n\n\n\n<figure class=\"wp-block-image size-full has-custom-border is-style-default\"><a href=\"https:\/\/www.hithermcon.com\/htc\/urunler\/demir-celik-endustrisi\/\"><img loading=\"lazy\" decoding=\"async\" width=\"960\" height=\"960\" src=\"https:\/\/www.hithermcon.com\/htc\/wp-content\/uploads\/2024\/09\/demir-celik-flip-card.jpg\" alt=\"\" class=\"wp-image-6868\" style=\"border-top-left-radius:10px;border-top-right-radius:10px;border-bottom-left-radius:10px;border-bottom-right-radius:10px\" srcset=\"https:\/\/www.hithermcon.com\/htc\/wp-content\/uploads\/2024\/09\/demir-celik-flip-card.jpg 960w, https:\/\/www.hithermcon.com\/htc\/wp-content\/uploads\/2024\/09\/demir-celik-flip-card-300x300.jpg 300w, https:\/\/www.hithermcon.com\/htc\/wp-content\/uploads\/2024\/09\/demir-celik-flip-card-150x150.jpg 150w, https:\/\/www.hithermcon.com\/htc\/wp-content\/uploads\/2024\/09\/demir-celik-flip-card-768x768.jpg 768w, https:\/\/www.hithermcon.com\/htc\/wp-content\/uploads\/2024\/09\/demir-celik-flip-card-12x12.jpg 12w\" sizes=\"auto, (max-width: 960px) 100vw, 960px\" \/><\/a><\/figure>\n<\/div>\n\n\n\n<div class=\"wp-block-column has-ast-global-color-3-background-color has-background is-layout-flow wp-block-column-is-layout-flow\" style=\"border-top-left-radius:10px;border-top-right-radius:10px;border-bottom-left-radius:10px;border-bottom-right-radius:10px;padding-top:2em;padding-right:2em;padding-bottom:2em;padding-left:2em\">\n<h4 class=\"gb-text-a097d50a\"><span class=\"gb-shape\"><svg aria-hidden=\"true\" role=\"img\" height=\"1em\" width=\"1em\" viewBox=\"0 0 320 512\" xmlns=\"http:\/\/www.w3.org\/2000\/svg\"><path fill=\"currentColor\" d=\"M296 160H180.6l42.6-129.8C227.2 15 215.7 0 200 0H56C44 0 33.8 8.9 32.2 20.8l-32 240C-1.7 275.2 9.5 288 24 288h118.7L96.6 482.5c-3.6 15.2 8 29.5 23.3 29.5 8.4 0 16.4-4.4 20.8-12l176-304c9.3-15.9-2.2-36-20.7-36z\"><\/path><\/svg><\/span><span class=\"gb-text\"><a href=\"https:\/\/www.hithermcon.com\/htc\/urunler\/bakir-endustrisi\/\" data-type=\"page\" data-id=\"2785\">Bak\u0131r<br>End\u00fcstrisi<\/a><\/span><\/h4>\n\n\n\n<hr class=\"wp-block-separator alignfull has-text-color has-alpha-channel-opacity has-background is-style-wide\" style=\"background-color:#ff2222;color:#ff2222\"\/>\n\n\n\n<figure class=\"wp-block-image size-full has-custom-border is-style-default\"><a href=\"https:\/\/www.hithermcon.com\/htc\/urunler\/bakir-endustrisi\/\"><img loading=\"lazy\" decoding=\"async\" width=\"960\" height=\"960\" src=\"https:\/\/www.hithermcon.com\/htc\/wp-content\/uploads\/2020\/11\/bakir-flip-card-arka.jpg\" alt=\"\" class=\"wp-image-6876\" style=\"border-top-left-radius:10px;border-top-right-radius:10px;border-bottom-left-radius:10px;border-bottom-right-radius:10px\" srcset=\"https:\/\/www.hithermcon.com\/htc\/wp-content\/uploads\/2020\/11\/bakir-flip-card-arka.jpg 960w, https:\/\/www.hithermcon.com\/htc\/wp-content\/uploads\/2020\/11\/bakir-flip-card-arka-300x300.jpg 300w, https:\/\/www.hithermcon.com\/htc\/wp-content\/uploads\/2020\/11\/bakir-flip-card-arka-150x150.jpg 150w, https:\/\/www.hithermcon.com\/htc\/wp-content\/uploads\/2020\/11\/bakir-flip-card-arka-768x768.jpg 768w, https:\/\/www.hithermcon.com\/htc\/wp-content\/uploads\/2020\/11\/bakir-flip-card-arka-12x12.jpg 12w\" sizes=\"auto, (max-width: 960px) 100vw, 960px\" \/><\/a><\/figure>\n<\/div>\n<\/div>\n\n\n\n<div style=\"height:41px\" aria-hidden=\"true\" class=\"wp-block-spacer\"><\/div>\n","protected":false},"excerpt":{"rendered":"<p>\u00dcr\u00fcn Gruplar\u0131<\/p>\n","protected":false},"author":2,"featured_media":0,"parent":2775,"menu_order":0,"comment_status":"closed","ping_status":"closed","template":"","meta":{"site-sidebar-layout":"no-sidebar","site-content-layout":"page-builder","ast-site-content-layout":"full-width-container","site-content-style":"unboxed","site-sidebar-style":"unboxed","ast-global-header-display":"","ast-banner-title-visibility":"","ast-main-header-display":"","ast-hfb-above-header-display":"","ast-hfb-below-header-display":"","ast-hfb-mobile-header-display":"","site-post-title":"disabled","ast-breadcrumbs-content":"","ast-featured-img":"disabled","footer-sml-layout":"","ast-disable-related-posts":"","theme-transparent-header-meta":"default","adv-header-id-meta":"","stick-header-meta":"","header-above-stick-meta":"","header-main-stick-meta":"","header-below-stick-meta":"","astra-migrate-meta-layouts":"set","ast-page-background-enabled":"default","ast-page-background-meta":{"desktop":{"background-color":"var(--ast-global-color-4)","background-image":"","background-repeat":"repeat","background-position":"center center","background-size":"auto","background-attachment":"scroll","background-type":"","background-media":"","overlay-type":"","overlay-color":"","overlay-opacity":"","overlay-gradient":""},"tablet":{"background-color":"","background-image":"","background-repeat":"repeat","background-position":"center center","background-size":"auto","background-attachment":"scroll","background-type":"","background-media":"","overlay-type":"","overlay-color":"","overlay-opacity":"","overlay-gradient":""},"mobile":{"background-color":"","background-image":"","background-repeat":"repeat","background-position":"center center","background-size":"auto","background-attachment":"scroll","background-type":"","background-media":"","overlay-type":"","overlay-color":"","overlay-opacity":"","overlay-gradient":""}},"ast-content-background-meta":{"desktop":{"background-color":"var(--ast-global-color-5)","background-image":"","background-repeat":"repeat","background-position":"center center","background-size":"auto","background-attachment":"scroll","background-type":"","background-media":"","overlay-type":"","overlay-color":"","overlay-opacity":"","overlay-gradient":""},"tablet":{"background-color":"var(--ast-global-color-5)","background-image":"","background-repeat":"repeat","background-position":"center center","background-size":"auto","background-attachment":"scroll","background-type":"","background-media":"","overlay-type":"","overlay-color":"","overlay-opacity":"","overlay-gradient":""},"mobile":{"background-color":"var(--ast-global-color-5)","background-image":"","background-repeat":"repeat","background-position":"center center","background-size":"auto","background-attachment":"scroll","background-type":"","background-media":"","overlay-type":"","overlay-color":"","overlay-opacity":"","overlay-gradient":""}},"footnotes":""},"class_list":["post-2785","page","type-page","status-publish","hentry"],"_links":{"self":[{"href":"https:\/\/www.hithermcon.com\/htc\/wp-json\/wp\/v2\/pages\/2785","targetHints":{"allow":["GET"]}}],"collection":[{"href":"https:\/\/www.hithermcon.com\/htc\/wp-json\/wp\/v2\/pages"}],"about":[{"href":"https:\/\/www.hithermcon.com\/htc\/wp-json\/wp\/v2\/types\/page"}],"author":[{"embeddable":true,"href":"https:\/\/www.hithermcon.com\/htc\/wp-json\/wp\/v2\/users\/2"}],"replies":[{"embeddable":true,"href":"https:\/\/www.hithermcon.com\/htc\/wp-json\/wp\/v2\/comments?post=2785"}],"version-history":[{"count":5,"href":"https:\/\/www.hithermcon.com\/htc\/wp-json\/wp\/v2\/pages\/2785\/revisions"}],"predecessor-version":[{"id":8548,"href":"https:\/\/www.hithermcon.com\/htc\/wp-json\/wp\/v2\/pages\/2785\/revisions\/8548"}],"up":[{"embeddable":true,"href":"https:\/\/www.hithermcon.com\/htc\/wp-json\/wp\/v2\/pages\/2775"}],"wp:attachment":[{"href":"https:\/\/www.hithermcon.com\/htc\/wp-json\/wp\/v2\/media?parent=2785"}],"curies":[{"name":"wp","href":"https:\/\/api.w.org\/{rel}","templated":true}]}}