{"id":7464,"date":"2026-02-01T15:34:56","date_gmt":"2026-02-01T12:34:56","guid":{"rendered":"https:\/\/www.hithermcon.com\/htc\/?page_id=7464"},"modified":"2026-02-15T10:37:55","modified_gmt":"2026-02-15T07:37:55","slug":"haberler","status":"publish","type":"page","link":"https:\/\/www.hithermcon.com\/htc\/en\/haberler\/","title":{"rendered":"NEWS"},"content":{"rendered":"<div class=\"wp-block-columns is-layout-flex wp-container-core-columns-is-layout-28f84493 wp-block-columns-is-layout-flex\">\n<div class=\"wp-block-column is-layout-flow wp-block-column-is-layout-flow\" style=\"flex-basis:66.66%\">\n<div class=\"wp-block-query is-layout-flow wp-block-query-is-layout-flow\"><ul class=\"wp-block-post-template is-layout-flow wp-container-core-post-template-is-layout-ea1fff98 wp-block-post-template-is-layout-flow\"><li class=\"wp-block-post post-7294 post type-post status-publish format-standard has-post-thumbnail hentry category-haber\">\n<figure class=\"wp-block-post-featured-image\"><a href=\"https:\/\/www.hithermcon.com\/htc\/en\/2025\/09\/23\/aluexpo-2025-fuarina-katildik\/\" target=\"_self\"  ><img loading=\"lazy\" decoding=\"async\" width=\"1920\" height=\"479\" src=\"https:\/\/www.hithermcon.com\/htc\/wp-content\/uploads\/2026\/01\/haber_ALUEXPO_2025.jpg\" class=\"has-border-color wp-post-image\" alt=\"ALUEXPO 2025 Fuar\u0131&#8217;na Kat\u0131ld\u0131k\" style=\"border-color:#ff2222;border-top-left-radius:10px;border-top-right-radius:10px;border-bottom-left-radius:10px;border-bottom-right-radius:10px;border-width:3px;object-fit:cover;\" srcset=\"https:\/\/www.hithermcon.com\/htc\/wp-content\/uploads\/2026\/01\/haber_ALUEXPO_2025.jpg 1920w, https:\/\/www.hithermcon.com\/htc\/wp-content\/uploads\/2026\/01\/haber_ALUEXPO_2025-300x75.jpg 300w, https:\/\/www.hithermcon.com\/htc\/wp-content\/uploads\/2026\/01\/haber_ALUEXPO_2025-1024x255.jpg 1024w, https:\/\/www.hithermcon.com\/htc\/wp-content\/uploads\/2026\/01\/haber_ALUEXPO_2025-768x192.jpg 768w, https:\/\/www.hithermcon.com\/htc\/wp-content\/uploads\/2026\/01\/haber_ALUEXPO_2025-1536x383.jpg 1536w, https:\/\/www.hithermcon.com\/htc\/wp-content\/uploads\/2026\/01\/haber_ALUEXPO_2025-18x4.jpg 18w\" sizes=\"auto, (max-width: 1920px) 100vw, 1920px\" \/><\/a><\/figure>\n\n<div class=\"has-text-align-center wp-block-post-date has-small-font-size\"><time datetime=\"2025-09-23T17:42:20+03:00\">23 September 2025<\/time><\/div>\n\n<h4 class=\"has-text-align-center wp-block-post-title\"><a href=\"https:\/\/www.hithermcon.com\/htc\/en\/2025\/09\/23\/aluexpo-2025-fuarina-katildik\/\" target=\"_self\" >We were at ALUEXPO 2025<\/a><\/h4>\n\n\n\n\n<hr class=\"wp-block-separator has-text-color has-alpha-channel-opacity has-background is-style-default\" style=\"margin-top:0;margin-bottom:0;background-color:#ff3f3f;color:#ff3f3f\"\/>\n\n\n\n<div style=\"height:31px\" aria-hidden=\"true\" class=\"wp-block-spacer\"><\/div>\n\n<\/li><li class=\"wp-block-post post-7970 post type-post status-publish format-standard has-post-thumbnail hentry category-haber\">\n<figure class=\"wp-block-post-featured-image\"><a href=\"https:\/\/www.hithermcon.com\/htc\/en\/2025\/02\/05\/27-tonluk-aluminyum-homojenizasyon-firini-devrede\/\" target=\"_self\"  ><img loading=\"lazy\" decoding=\"async\" width=\"1920\" height=\"479\" src=\"https:\/\/www.hithermcon.com\/htc\/wp-content\/uploads\/2025\/02\/haber-27AlumHomojnzsynFirini-Devreye.jpg\" class=\"has-border-color wp-post-image\" alt=\"27 Tonluk Al\u00fcminyum Homojenizasyon F\u0131r\u0131n\u0131 Devrede\" style=\"border-color:#ff2222;border-top-left-radius:10px;border-top-right-radius:10px;border-bottom-left-radius:10px;border-bottom-right-radius:10px;border-width:3px;object-fit:cover;\" srcset=\"https:\/\/www.hithermcon.com\/htc\/wp-content\/uploads\/2025\/02\/haber-27AlumHomojnzsynFirini-Devreye.jpg 1920w, https:\/\/www.hithermcon.com\/htc\/wp-content\/uploads\/2025\/02\/haber-27AlumHomojnzsynFirini-Devreye-300x75.jpg 300w, https:\/\/www.hithermcon.com\/htc\/wp-content\/uploads\/2025\/02\/haber-27AlumHomojnzsynFirini-Devreye-1024x255.jpg 1024w, https:\/\/www.hithermcon.com\/htc\/wp-content\/uploads\/2025\/02\/haber-27AlumHomojnzsynFirini-Devreye-768x192.jpg 768w, https:\/\/www.hithermcon.com\/htc\/wp-content\/uploads\/2025\/02\/haber-27AlumHomojnzsynFirini-Devreye-1536x383.jpg 1536w, https:\/\/www.hithermcon.com\/htc\/wp-content\/uploads\/2025\/02\/haber-27AlumHomojnzsynFirini-Devreye-18x4.jpg 18w\" sizes=\"auto, (max-width: 1920px) 100vw, 1920px\" \/><\/a><\/figure>\n\n<div class=\"has-text-align-center wp-block-post-date has-small-font-size\"><time datetime=\"2025-02-05T01:58:39+03:00\">5 February 2025<\/time><\/div>\n\n<h4 class=\"has-text-align-center wp-block-post-title\"><a href=\"https:\/\/www.hithermcon.com\/htc\/en\/2025\/02\/05\/27-tonluk-aluminyum-homojenizasyon-firini-devrede\/\" target=\"_self\" >27-ton Aluminum Homogenization Furnace Commissioned<\/a><\/h4>\n\n\n\n\n<hr class=\"wp-block-separator has-text-color has-alpha-channel-opacity has-background is-style-default\" style=\"margin-top:0;margin-bottom:0;background-color:#ff3f3f;color:#ff3f3f\"\/>\n\n\n\n<div style=\"height:31px\" aria-hidden=\"true\" class=\"wp-block-spacer\"><\/div>\n\n<\/li><li class=\"wp-block-post post-7097 post type-post status-publish format-standard has-post-thumbnail hentry category-haber\">\n<figure class=\"wp-block-post-featured-image\"><a href=\"https:\/\/www.hithermcon.com\/htc\/en\/2025\/01\/19\/27-tonluk-homojenizasyon-firini\/\" target=\"_self\"  ><img loading=\"lazy\" decoding=\"async\" width=\"1920\" height=\"479\" src=\"https:\/\/www.hithermcon.com\/htc\/wp-content\/uploads\/2025\/03\/haber_27-ton_homojenizasyon_featured_image.jpg\" class=\"has-border-color wp-post-image\" alt=\"27 Ton Kapasiteli Al\u00fcminyum Homojenizasyon F\u0131r\u0131n\u0131\" style=\"border-color:#ff2222;border-top-left-radius:10px;border-top-right-radius:10px;border-bottom-left-radius:10px;border-bottom-right-radius:10px;border-width:3px;object-fit:cover;\" srcset=\"https:\/\/www.hithermcon.com\/htc\/wp-content\/uploads\/2025\/03\/haber_27-ton_homojenizasyon_featured_image.jpg 1920w, https:\/\/www.hithermcon.com\/htc\/wp-content\/uploads\/2025\/03\/haber_27-ton_homojenizasyon_featured_image-300x75.jpg 300w, https:\/\/www.hithermcon.com\/htc\/wp-content\/uploads\/2025\/03\/haber_27-ton_homojenizasyon_featured_image-1024x255.jpg 1024w, https:\/\/www.hithermcon.com\/htc\/wp-content\/uploads\/2025\/03\/haber_27-ton_homojenizasyon_featured_image-768x192.jpg 768w, https:\/\/www.hithermcon.com\/htc\/wp-content\/uploads\/2025\/03\/haber_27-ton_homojenizasyon_featured_image-1536x383.jpg 1536w, https:\/\/www.hithermcon.com\/htc\/wp-content\/uploads\/2025\/03\/haber_27-ton_homojenizasyon_featured_image-18x4.jpg 18w\" sizes=\"auto, (max-width: 1920px) 100vw, 1920px\" \/><\/a><\/figure>\n\n<div class=\"has-text-align-center wp-block-post-date has-small-font-size\"><time datetime=\"2025-01-19T14:00:00+03:00\">19 January 2025<\/time><\/div>\n\n<h4 class=\"has-text-align-center wp-block-post-title\"><a href=\"https:\/\/www.hithermcon.com\/htc\/en\/2025\/01\/19\/27-tonluk-homojenizasyon-firini\/\" target=\"_self\" >27-ton Aluminum Homogenization Furnace Shipped<\/a><\/h4>\n\n\n\n\n<hr class=\"wp-block-separator has-text-color has-alpha-channel-opacity has-background is-style-default\" style=\"margin-top:0;margin-bottom:0;background-color:#ff3f3f;color:#ff3f3f\"\/>\n\n\n\n<div style=\"height:31px\" aria-hidden=\"true\" class=\"wp-block-spacer\"><\/div>\n\n<\/li><li class=\"wp-block-post post-6847 post type-post status-publish format-standard has-post-thumbnail hentry category-haber\">\n<figure class=\"wp-block-post-featured-image\"><a href=\"https:\/\/www.hithermcon.com\/htc\/en\/2024\/06\/12\/1500ton-aylik-aluminyum-biyet-dokumhanesi-devrede\/\" target=\"_self\"  ><img loading=\"lazy\" decoding=\"async\" width=\"2560\" height=\"512\" src=\"https:\/\/www.hithermcon.com\/htc\/wp-content\/uploads\/2024\/09\/ergitme-haber-5e1.jpg\" class=\"has-border-color wp-post-image\" alt=\"1500 ton\/ay Kapasiteli Al\u00fcminyum Biyet D\u00f6k\u00fcmhanesi\" style=\"border-color:#ff2222;border-top-left-radius:10px;border-top-right-radius:10px;border-bottom-left-radius:10px;border-bottom-right-radius:10px;border-width:3px;object-fit:cover;\" srcset=\"https:\/\/www.hithermcon.com\/htc\/wp-content\/uploads\/2024\/09\/ergitme-haber-5e1.jpg 2560w, https:\/\/www.hithermcon.com\/htc\/wp-content\/uploads\/2024\/09\/ergitme-haber-5e1-300x60.jpg 300w, https:\/\/www.hithermcon.com\/htc\/wp-content\/uploads\/2024\/09\/ergitme-haber-5e1-1024x205.jpg 1024w, https:\/\/www.hithermcon.com\/htc\/wp-content\/uploads\/2024\/09\/ergitme-haber-5e1-768x154.jpg 768w, https:\/\/www.hithermcon.com\/htc\/wp-content\/uploads\/2024\/09\/ergitme-haber-5e1-1536x307.jpg 1536w, https:\/\/www.hithermcon.com\/htc\/wp-content\/uploads\/2024\/09\/ergitme-haber-5e1-2048x410.jpg 2048w, https:\/\/www.hithermcon.com\/htc\/wp-content\/uploads\/2024\/09\/ergitme-haber-5e1-18x4.jpg 18w\" sizes=\"auto, (max-width: 2560px) 100vw, 2560px\" \/><\/a><\/figure>\n\n<div class=\"has-text-align-center wp-block-post-date has-small-font-size\"><time datetime=\"2024-06-12T17:24:01+03:00\">12 June 2024<\/time><\/div>\n\n<h4 class=\"has-text-align-center wp-block-post-title\"><a href=\"https:\/\/www.hithermcon.com\/htc\/en\/2024\/06\/12\/1500ton-aylik-aluminyum-biyet-dokumhanesi-devrede\/\" target=\"_self\" >Aluminum Billet Foundry With 1500 ton\/month Capacity<\/a><\/h4>\n\n\n\n\n<hr class=\"wp-block-separator has-text-color has-alpha-channel-opacity has-background is-style-default\" style=\"margin-top:0;margin-bottom:0;background-color:#ff3f3f;color:#ff3f3f\"\/>\n\n\n\n<div style=\"height:31px\" aria-hidden=\"true\" class=\"wp-block-spacer\"><\/div>\n\n<\/li><li class=\"wp-block-post post-3053 post type-post status-publish format-standard has-post-thumbnail hentry category-haber\">\n<figure class=\"wp-block-post-featured-image\"><a href=\"https:\/\/www.hithermcon.com\/htc\/en\/2022\/10\/10\/2020-ankiros-fuarindayiz\/\" target=\"_self\"  ><img loading=\"lazy\" decoding=\"async\" width=\"2560\" height=\"512\" src=\"https:\/\/www.hithermcon.com\/htc\/wp-content\/uploads\/2022\/03\/ANKIROS2022-HITHERMCON-HABERLER.jpg\" class=\"has-border-color wp-post-image\" alt=\"2022 ANKIROS Fuar\u0131&#8217;na Kat\u0131ld\u0131k\" style=\"border-color:#ff2222;border-top-left-radius:10px;border-top-right-radius:10px;border-bottom-left-radius:10px;border-bottom-right-radius:10px;border-width:3px;object-fit:cover;\" srcset=\"https:\/\/www.hithermcon.com\/htc\/wp-content\/uploads\/2022\/03\/ANKIROS2022-HITHERMCON-HABERLER.jpg 2560w, https:\/\/www.hithermcon.com\/htc\/wp-content\/uploads\/2022\/03\/ANKIROS2022-HITHERMCON-HABERLER-300x60.jpg 300w, https:\/\/www.hithermcon.com\/htc\/wp-content\/uploads\/2022\/03\/ANKIROS2022-HITHERMCON-HABERLER-1024x205.jpg 1024w, https:\/\/www.hithermcon.com\/htc\/wp-content\/uploads\/2022\/03\/ANKIROS2022-HITHERMCON-HABERLER-768x154.jpg 768w, https:\/\/www.hithermcon.com\/htc\/wp-content\/uploads\/2022\/03\/ANKIROS2022-HITHERMCON-HABERLER-1536x307.jpg 1536w, https:\/\/www.hithermcon.com\/htc\/wp-content\/uploads\/2022\/03\/ANKIROS2022-HITHERMCON-HABERLER-2048x410.jpg 2048w, https:\/\/www.hithermcon.com\/htc\/wp-content\/uploads\/2022\/03\/ANKIROS2022-HITHERMCON-HABERLER-18x4.jpg 18w\" sizes=\"auto, (max-width: 2560px) 100vw, 2560px\" \/><\/a><\/figure>\n\n<div class=\"has-text-align-center wp-block-post-date has-small-font-size\"><time datetime=\"2022-10-10T10:55:00+03:00\">10 October 2022<\/time><\/div>\n\n<h4 class=\"has-text-align-center wp-block-post-title\"><a href=\"https:\/\/www.hithermcon.com\/htc\/en\/2022\/10\/10\/2020-ankiros-fuarindayiz\/\" target=\"_self\" >We were at ANKIROS 2022<\/a><\/h4>\n\n\n\n\n<hr class=\"wp-block-separator has-text-color has-alpha-channel-opacity has-background is-style-default\" style=\"margin-top:0;margin-bottom:0;background-color:#ff3f3f;color:#ff3f3f\"\/>\n\n\n\n<div style=\"height:31px\" aria-hidden=\"true\" class=\"wp-block-spacer\"><\/div>\n\n<\/li><\/ul>\n\n<nav class=\"wp-block-query-pagination is-content-justification-center is-layout-flex wp-container-core-query-pagination-is-layout-a89b3969 wp-block-query-pagination-is-layout-flex\" aria-label=\"Pagination\">\n\n\n<div class=\"wp-block-query-pagination-numbers\"><span aria-current=\"page\" class=\"page-numbers current\">1<\/span>\n<a class=\"page-numbers\" href=\"?query-163-page=2\">2<\/a><\/div>\n\n<a href=\"\/htc\/en\/wp-json\/wp\/v2\/pages\/7464?query-163-page=2\" class=\"wp-block-query-pagination-next\">Next Page<span class='wp-block-query-pagination-next-arrow is-arrow-arrow' aria-hidden='true'>\u2192<\/span><\/a>\n<\/nav>\n\n<\/div>\n<\/div>\n\n\n\n<div class=\"wp-block-column is-layout-flow wp-block-column-is-layout-flow\" style=\"flex-basis:33.33%\">\n<h4 class=\"wp-block-heading\">Recent<\/h4>\n\n\n<ul class=\"wp-block-latest-posts__list wp-block-latest-posts has-medium-font-size\"><li><a class=\"wp-block-latest-posts__post-title\" href=\"https:\/\/www.hithermcon.com\/htc\/en\/2025\/09\/23\/aluexpo-2025-fuarina-katildik\/\">We were at ALUEXPO 2025<\/a><\/li>\n<li><a class=\"wp-block-latest-posts__post-title\" href=\"https:\/\/www.hithermcon.com\/htc\/en\/2025\/02\/05\/27-tonluk-aluminyum-homojenizasyon-firini-devrede\/\">27-ton Aluminum Homogenization Furnace Commissioned<\/a><\/li>\n<li><a class=\"wp-block-latest-posts__post-title\" href=\"https:\/\/www.hithermcon.com\/htc\/en\/2025\/01\/19\/27-tonluk-homojenizasyon-firini\/\">27-ton Aluminum Homogenization Furnace Shipped<\/a><\/li>\n<li><a class=\"wp-block-latest-posts__post-title\" href=\"https:\/\/www.hithermcon.com\/htc\/en\/2024\/06\/12\/1500ton-aylik-aluminyum-biyet-dokumhanesi-devrede\/\">Aluminum Billet Foundry With 1500 ton\/month Capacity<\/a><\/li>\n<li><a class=\"wp-block-latest-posts__post-title\" href=\"https:\/\/www.hithermcon.com\/htc\/en\/2022\/10\/10\/2020-ankiros-fuarindayiz\/\">We were at ANKIROS 2022<\/a><\/li>\n<\/ul>\n\n\n<h4 class=\"wp-block-heading\">Chronology<\/h4>\n\n\n<ul class=\"wp-block-archives-list wp-block-archives has-medium-font-size\">\t<li><a href='https:\/\/www.hithermcon.com\/htc\/en\/2025\/09\/'>September 2025<\/a><\/li>\n\t<li><a href='https:\/\/www.hithermcon.com\/htc\/en\/2025\/02\/'>February 2025<\/a><\/li>\n\t<li><a href='https:\/\/www.hithermcon.com\/htc\/en\/2025\/01\/'>January 2025<\/a><\/li>\n\t<li><a href='https:\/\/www.hithermcon.com\/htc\/en\/2024\/06\/'>June 2024<\/a><\/li>\n\t<li><a href='https:\/\/www.hithermcon.com\/htc\/en\/2022\/10\/'>October 2022<\/a><\/li>\n\t<li><a href='https:\/\/www.hithermcon.com\/htc\/en\/2022\/06\/'>June 2022<\/a><\/li>\n\t<li><a href='https:\/\/www.hithermcon.com\/htc\/en\/2022\/04\/'>April 2022<\/a><\/li>\n<\/ul><\/div>\n<\/div>","protected":false},"excerpt":{"rendered":"<p>En Son Kronoloji<\/p>","protected":false},"author":2,"featured_media":7549,"parent":0,"menu_order":0,"comment_status":"closed","ping_status":"closed","template":"","meta":{"site-sidebar-layout":"default","site-content-layout":"","ast-site-content-layout":"default","site-content-style":"default","site-sidebar-style":"default","ast-global-header-display":"","ast-banner-title-visibility":"","ast-main-header-display":"","ast-hfb-above-header-display":"","ast-hfb-below-header-display":"","ast-hfb-mobile-header-display":"","site-post-title":"","ast-breadcrumbs-content":"","ast-featured-img":"","footer-sml-layout":"","ast-disable-related-posts":"","theme-transparent-header-meta":"","adv-header-id-meta":"","stick-header-meta":"","header-above-stick-meta":"","header-main-stick-meta":"","header-below-stick-meta":"","astra-migrate-meta-layouts":"set","ast-page-background-enabled":"default","ast-page-background-meta":{"desktop":{"background-color":"var(--ast-global-color-4)","background-image":"","background-repeat":"repeat","background-position":"center center","background-size":"auto","background-attachment":"scroll","background-type":"","background-media":"","overlay-type":"","overlay-color":"","overlay-opacity":"","overlay-gradient":""},"tablet":{"background-color":"","background-image":"","background-repeat":"repeat","background-position":"center center","background-size":"auto","background-attachment":"scroll","background-type":"","background-media":"","overlay-type":"","overlay-color":"","overlay-opacity":"","overlay-gradient":""},"mobile":{"background-color":"","background-image":"","background-repeat":"repeat","background-position":"center center","background-size":"auto","background-attachment":"scroll","background-type":"","background-media":"","overlay-type":"","overlay-color":"","overlay-opacity":"","overlay-gradient":""}},"ast-content-background-meta":{"desktop":{"background-color":"var(--ast-global-color-5)","background-image":"","background-repeat":"repeat","background-position":"center center","background-size":"auto","background-attachment":"scroll","background-type":"","background-media":"","overlay-type":"","overlay-color":"","overlay-opacity":"","overlay-gradient":""},"tablet":{"background-color":"var(--ast-global-color-5)","background-image":"","background-repeat":"repeat","background-position":"center center","background-size":"auto","background-attachment":"scroll","background-type":"","background-media":"","overlay-type":"","overlay-color":"","overlay-opacity":"","overlay-gradient":""},"mobile":{"background-color":"var(--ast-global-color-5)","background-image":"","background-repeat":"repeat","background-position":"center center","background-size":"auto","background-attachment":"scroll","background-type":"","background-media":"","overlay-type":"","overlay-color":"","overlay-opacity":"","overlay-gradient":""}},"footnotes":""},"class_list":["post-7464","page","type-page","status-publish","has-post-thumbnail","hentry"],"_links":{"self":[{"href":"https:\/\/www.hithermcon.com\/htc\/en\/wp-json\/wp\/v2\/pages\/7464","targetHints":{"allow":["GET"]}}],"collection":[{"href":"https:\/\/www.hithermcon.com\/htc\/en\/wp-json\/wp\/v2\/pages"}],"about":[{"href":"https:\/\/www.hithermcon.com\/htc\/en\/wp-json\/wp\/v2\/types\/page"}],"author":[{"embeddable":true,"href":"https:\/\/www.hithermcon.com\/htc\/en\/wp-json\/wp\/v2\/users\/2"}],"replies":[{"embeddable":true,"href":"https:\/\/www.hithermcon.com\/htc\/en\/wp-json\/wp\/v2\/comments?post=7464"}],"version-history":[{"count":78,"href":"https:\/\/www.hithermcon.com\/htc\/en\/wp-json\/wp\/v2\/pages\/7464\/revisions"}],"predecessor-version":[{"id":9090,"href":"https:\/\/www.hithermcon.com\/htc\/en\/wp-json\/wp\/v2\/pages\/7464\/revisions\/9090"}],"wp:featuredmedia":[{"embeddable":true,"href":"https:\/\/www.hithermcon.com\/htc\/en\/wp-json\/wp\/v2\/media\/7549"}],"wp:attachment":[{"href":"https:\/\/www.hithermcon.com\/htc\/en\/wp-json\/wp\/v2\/media?parent=7464"}],"curies":[{"name":"wp","href":"https:\/\/api.w.org\/{rel}","templated":true}]}}