{"id":7406,"date":"2026-02-01T13:27:07","date_gmt":"2026-02-01T10:27:07","guid":{"rendered":"https:\/\/www.hithermcon.com\/htc\/?page_id=7406"},"modified":"2026-02-09T21:03:36","modified_gmt":"2026-02-09T18:03:36","slug":"hizmetler","status":"publish","type":"page","link":"https:\/\/www.hithermcon.com\/htc\/en\/hizmetler\/","title":{"rendered":"SERVICES"},"content":{"rendered":"<div class=\"wp-block-columns is-layout-flex wp-container-core-columns-is-layout-28f84493 wp-block-columns-is-layout-flex\">\n<div class=\"wp-block-column is-layout-flow wp-block-column-is-layout-flow\">\n<p class=\"translation-block\"><strong>HiThermCon<\/strong> Industrial Furnaces Inc. offers solutions for industrial furnaces used in;<\/p>\n\n\n\n<ul class=\"wp-block-list\">\n<li>Aluminum<\/li>\n\n\n\n<li>Iron-Steel<\/li>\n\n\n\n<li>Copper &amp; Copper Alloys<\/li>\n<\/ul>\n\n\n\n<p>sectors. Our services are listed below under main headings:<\/p>\n<\/div>\n<\/div>\n\n\n\n<div class=\"wp-block-columns is-layout-flex wp-container-core-columns-is-layout-28f84493 wp-block-columns-is-layout-flex\">\n<div class=\"wp-block-column is-layout-flow wp-block-column-is-layout-flow\">\n<h4 class=\"wp-block-heading\">Industrial Furnace Systems<\/h4>\n\n\n\n<p style=\"margin-top:var(--wp--preset--spacing--30);margin-bottom:0\">We carry out the manufacture of our furnaces with modern techniques with a professional project management approach. Custom project design, heat transfer calculations, observation and quality management are some of the methods we use.<\/p>\n\n\n\n<h4 class=\"wp-block-heading\">Installation<\/h4>\n\n\n\n<p style=\"margin-top:var(--wp--preset--spacing--30);margin-bottom:0\">Product assembly with innovative installation techniques.<\/p>\n\n\n\n<h4 class=\"wp-block-heading\">Service and Spare Parts<\/h4>\n\n\n\n<p>Throughout the life cycle, we keep the information of the furnaces we provide to our customers in our database. When necessary, we produce parts in line with these data and provide service and spare parts support within or outside of the warranty.<\/p>\n\n\n\n<h4 class=\"wp-block-heading\">Maintenance and Inspection<\/h4>\n\n\n\n<p>Our expert team examines our customers' equipment, provides maintenance advice and performs necessary repairs, coordination and observation of activities related to furnaces, and performs quality assurance controls in line with established standards.<\/p>\n\n\n\n<figure class=\"wp-block-image alignfull has-custom-border\"><img decoding=\"async\" src=\"https:\/\/www.hithermcon.com\/htc\/wp-content\/uploads\/2022\/09\/21-03-AMFT-30-768x444.jpg\" alt=\"\" class=\"has-border-color\" style=\"border-color:#ff2222;border-width:3px;border-top-left-radius:10px;border-top-right-radius:10px;border-bottom-left-radius:10px;border-bottom-right-radius:10px\"\/><\/figure>\n<\/div>\n\n\n\n<div class=\"wp-block-column is-layout-flow wp-block-column-is-layout-flow\">\n<figure class=\"wp-block-image alignfull size-full has-custom-border\"><img loading=\"lazy\" decoding=\"async\" width=\"607\" height=\"738\" src=\"https:\/\/www.hithermcon.com\/htc\/wp-content\/uploads\/2024\/09\/HTC-kaynak-islemi.jpg\" alt=\"\" class=\"has-border-color wp-image-7036\" style=\"border-color:#ff3f3f;border-width:3px;border-top-left-radius:10px;border-top-right-radius:10px;border-bottom-left-radius:10px;border-bottom-right-radius:10px\" srcset=\"https:\/\/www.hithermcon.com\/htc\/wp-content\/uploads\/2024\/09\/HTC-kaynak-islemi.jpg 607w, https:\/\/www.hithermcon.com\/htc\/wp-content\/uploads\/2024\/09\/HTC-kaynak-islemi-247x300.jpg 247w, https:\/\/www.hithermcon.com\/htc\/wp-content\/uploads\/2024\/09\/HTC-kaynak-islemi-10x12.jpg 10w\" sizes=\"auto, (max-width: 607px) 100vw, 607px\" \/><\/figure>\n\n\n\n<h4 class=\"wp-block-heading\">Modernization and Modification<\/h4>\n\n\n\n<p style=\"margin-top:var(--wp--preset--spacing--30);margin-bottom:0\">We carry out modernization and modification processes to increase the product quality of our industrial furnace systems, to increase the efficiency of the combustion systems, to accelerate the heat treatment process and to reduce emissions.<\/p>\n\n\n\n<h4 class=\"wp-block-heading\">Commissioning<\/h4>\n\n\n\n<p style=\"margin-top:var(--wp--preset--spacing--30);margin-bottom:0\">We commission our furnaces in optimum time, carry out the necessary surveillance tests, and provide the necessary operator trainings for the use of the systems.<\/p>\n\n\n\n<h4 class=\"wp-block-heading\">Industrial Automation<\/h4>\n\n\n\n<p style=\"margin-top:var(--wp--preset--spacing--30);margin-bottom:0\">Industrial furnace automation, machine and process automation, protective safety automation, energy monitoring systems automation, process automation...<\/p>\n<\/div>\n<\/div>","protected":false},"excerpt":{"rendered":"<p>HiThermCon End\u00fcstriyel F\u0131r\u0131n Sistemleri Sanayi ve Tic. Ltd. \u015eti. olarak; sekt\u00f6rlerinde kullan\u0131lan end\u00fcstriyel f\u0131r\u0131nlar\u0131na y\u00f6nelik \u00e7\u00f6z\u00fcmler sunmaktay\u0131z. Hizmetlerimiz ana ba\u015fl\u0131klar alt\u0131nda a\u015fa\u011f\u0131da listelenmi\u015ftir: End\u00fcstriyel F\u0131r\u0131n Sistemleri \u00dcretimi F\u0131r\u0131nlar\u0131m\u0131z\u0131n \u00fcretimini, profesyonel proje y\u00f6netimi anlay\u0131\u015f\u0131yla modern tekniklerle ger\u00e7ekle\u015ftirmekteyiz. \u0130htiyaca \u00f6zel proje tasar\u0131m\u0131, \u0131s\u0131 transfer hesaplamalar\u0131, g\u00f6zlem ve kalite y\u00f6netimi kulland\u0131\u011f\u0131m\u0131z y\u00f6ntemlerden baz\u0131lar\u0131d\u0131r. Montaj Yenilik\u00e7i kurulum teknikleri ile [&hellip;]<\/p>\n","protected":false},"author":2,"featured_media":7404,"parent":0,"menu_order":0,"comment_status":"closed","ping_status":"closed","template":"","meta":{"site-sidebar-layout":"default","site-content-layout":"","ast-site-content-layout":"default","site-content-style":"default","site-sidebar-style":"default","ast-global-header-display":"","ast-banner-title-visibility":"","ast-main-header-display":"","ast-hfb-above-header-display":"","ast-hfb-below-header-display":"","ast-hfb-mobile-header-display":"","site-post-title":"","ast-breadcrumbs-content":"","ast-featured-img":"disabled","footer-sml-layout":"","ast-disable-related-posts":"","theme-transparent-header-meta":"","adv-header-id-meta":"","stick-header-meta":"","header-above-stick-meta":"","header-main-stick-meta":"","header-below-stick-meta":"","astra-migrate-meta-layouts":"set","ast-page-background-enabled":"default","ast-page-background-meta":{"desktop":{"background-color":"var(--ast-global-color-4)","background-image":"","background-repeat":"repeat","background-position":"center center","background-size":"auto","background-attachment":"scroll","background-type":"","background-media":"","overlay-type":"","overlay-color":"","overlay-opacity":"","overlay-gradient":""},"tablet":{"background-color":"","background-image":"","background-repeat":"repeat","background-position":"center center","background-size":"auto","background-attachment":"scroll","background-type":"","background-media":"","overlay-type":"","overlay-color":"","overlay-opacity":"","overlay-gradient":""},"mobile":{"background-color":"","background-image":"","background-repeat":"repeat","background-position":"center center","background-size":"auto","background-attachment":"scroll","background-type":"","background-media":"","overlay-type":"","overlay-color":"","overlay-opacity":"","overlay-gradient":""}},"ast-content-background-meta":{"desktop":{"background-color":"var(--ast-global-color-5)","background-image":"","background-repeat":"repeat","background-position":"center center","background-size":"auto","background-attachment":"scroll","background-type":"","background-media":"","overlay-type":"","overlay-color":"","overlay-opacity":"","overlay-gradient":""},"tablet":{"background-color":"var(--ast-global-color-5)","background-image":"","background-repeat":"repeat","background-position":"center center","background-size":"auto","background-attachment":"scroll","background-type":"","background-media":"","overlay-type":"","overlay-color":"","overlay-opacity":"","overlay-gradient":""},"mobile":{"background-color":"var(--ast-global-color-5)","background-image":"","background-repeat":"repeat","background-position":"center center","background-size":"auto","background-attachment":"scroll","background-type":"","background-media":"","overlay-type":"","overlay-color":"","overlay-opacity":"","overlay-gradient":""}},"footnotes":""},"class_list":["post-7406","page","type-page","status-publish","has-post-thumbnail","hentry"],"_links":{"self":[{"href":"https:\/\/www.hithermcon.com\/htc\/en\/wp-json\/wp\/v2\/pages\/7406","targetHints":{"allow":["GET"]}}],"collection":[{"href":"https:\/\/www.hithermcon.com\/htc\/en\/wp-json\/wp\/v2\/pages"}],"about":[{"href":"https:\/\/www.hithermcon.com\/htc\/en\/wp-json\/wp\/v2\/types\/page"}],"author":[{"embeddable":true,"href":"https:\/\/www.hithermcon.com\/htc\/en\/wp-json\/wp\/v2\/users\/2"}],"replies":[{"embeddable":true,"href":"https:\/\/www.hithermcon.com\/htc\/en\/wp-json\/wp\/v2\/comments?post=7406"}],"version-history":[{"count":20,"href":"https:\/\/www.hithermcon.com\/htc\/en\/wp-json\/wp\/v2\/pages\/7406\/revisions"}],"predecessor-version":[{"id":8559,"href":"https:\/\/www.hithermcon.com\/htc\/en\/wp-json\/wp\/v2\/pages\/7406\/revisions\/8559"}],"wp:featuredmedia":[{"embeddable":true,"href":"https:\/\/www.hithermcon.com\/htc\/en\/wp-json\/wp\/v2\/media\/7404"}],"wp:attachment":[{"href":"https:\/\/www.hithermcon.com\/htc\/en\/wp-json\/wp\/v2\/media?parent=7406"}],"curies":[{"name":"wp","href":"https:\/\/api.w.org\/{rel}","templated":true}]}}