{"id":2792,"date":"2020-11-23T16:44:47","date_gmt":"2020-11-23T13:44:47","guid":{"rendered":"https:\/\/www.hithermcon.com\/web\/?page_id=2792"},"modified":"2026-02-17T14:56:27","modified_gmt":"2026-02-17T11:56:27","slug":"kurumsal-2","status":"publish","type":"page","link":"https:\/\/www.hithermcon.com\/htc\/en\/kurumsal-2\/","title":{"rendered":"CORPORATION"},"content":{"rendered":"<div class=\"wp-block-columns is-layout-flex wp-container-core-columns-is-layout-28f84493 wp-block-columns-is-layout-flex\">\n<div class=\"wp-block-column is-layout-flow wp-block-column-is-layout-flow\">\n<p class=\"has-drop-cap has-text-align-left translation-block\">Our company manufactures industrial furnaces functioning in high temperatures. The name of our company, <strong>HiThermCon<\/strong>, comes from the expression <em>\"High Therm Control\".<\/em><\/p>\n\n\n\n<p class=\"has-text-align-left\">We offer solutions for industrial furnaces used in aluminum, iron-steel and copper &amp; copper alloys sectors.<\/p>\n<\/div>\n\n\n\n<div class=\"wp-block-column is-layout-flow wp-block-column-is-layout-flow\" style=\"flex-basis:66%\">\n<figure class=\"wp-block-video\"><video height=\"1080\" style=\"aspect-ratio: 1920 \/ 1080;\" width=\"1920\" controls loop muted poster=\"https:\/\/www.hithermcon.com\/htc\/wp-content\/uploads\/2026\/02\/HiThermCon-SAC-LOGO-video.jpg\" src=\"https:\/\/www.hithermcon.com\/htc\/wp-content\/uploads\/2026\/02\/HiThermCon-intro.mp4\" playsinline><\/video><\/figure>\n\n\n\n<p class=\"has-text-align-right has-cyan-bluish-gray-color has-text-color has-link-color has-small-font-size wp-elements-e4e825a3e0755ee72ba35527be46d28f\" style=\"padding-top:0;padding-bottom:0\">Turn the volume up.<\/p>\n<\/div>\n<\/div>\n\n\n\n<div class=\"wp-block-columns is-layout-flex wp-container-core-columns-is-layout-28f84493 wp-block-columns-is-layout-flex\">\n<div class=\"wp-block-column is-layout-flow wp-block-column-is-layout-flow\">\n<div class=\"wp-block-columns alignwide is-layout-flex wp-container-core-columns-is-layout-d2da2050 wp-block-columns-is-layout-flex\" style=\"margin-bottom:0\">\n<div class=\"wp-block-column has-ast-global-color-3-background-color has-background is-layout-flow wp-block-column-is-layout-flow\" style=\"padding-top:2em;padding-right:2em;padding-bottom:2em;padding-left:2em\">\n<h2 class=\"wp-block-heading\" id=\"single\" style=\"font-size:40px\">Why HiThermCon?<\/h2>\n\n\n\n<p class=\"has-drop-cap\">You are in the right place for the solution of your industrial furnace system needs because with 30 years of experience and knowledge in the sector;<\/p>\n\n\n\n<p>\u00bb HiThermCon provides high quality, economical and fast solutions for customers, with responsibility awareness and teamwork,<\/p>\n\n\n\n<p>\u00bb In addition to providing fast ready solutions to the customers with an expert staff, HiThermCon also offers customer-specific solutions with professional level project management that customize technological processes,<\/p>\n\n\n\n<p>\u00bb HiThermCon establishes honest and trustworthy relationships with all its collaborators within the framework of long-term and mutual respect, and does not compromise on reliability and business ethics in all its projects,<\/p>\n\n\n\n<p>\u00bb HiThermCon uses control systems that ensure occupational health and safety by making use of modern technologies,<\/p>\n\n\n\n<p>\u00bb HiThermCon uses environmentally friendly systems that will keep the harmful waste gas rate at a low level,<\/p>\n\n\n\n<p>\u00bb And provides fuel saving along with high efficiency in heat treatment plants utilizing regenerative combustion systems.<\/p>\n<\/div>\n\n\n\n<div class=\"wp-block-column has-ast-global-color-3-background-color has-background is-layout-flow wp-block-column-is-layout-flow\" style=\"padding-top:2em;padding-right:2em;padding-bottom:2em;padding-left:2em\">\n<h2 class=\"wp-block-heading\" id=\"family\" style=\"font-size:40px\">About Us<\/h2>\n\n\n\n<p class=\"has-drop-cap\">Our company manufactures industrial furnaces functioning at high temperatures and the name of our company HiThermCon comes from the expression \"High Therm Control\".<\/p>\n\n\n\n<p>Our company offers solutions for industrial furnaces used in aluminum, iron-steel and copper &amp; copper alloys sectors.\n\nIn this framework, HiThermCon;<\/p>\n\n\n\n<p>\u00bb manufactures industrial furnaces and auxiliary equipment for aluminum and iron-steel foundries, and also performs industrial automation and machine revision works,<\/p>\n\n\n\n<p>\u00bb manufactures furnaces for the aluminum extrusion, aluminum melting &amp; recycling and aluminum shaping industries,<\/p>\n\n\n\n<p>\u00bb also manufactures heat treatment furnaces for ferrous and non-ferrous metals.<\/p>\n\n\n\n<p>\u00bb With up-to-date technology and knowledge, HiThermCon engineers and technicians design, manufacture, and apply according to customer needs.<\/p>\n\n\n\n<p>\u00bb HiThermCon uses new generation combustion systems in order to increase energy efficiency and to achieve low exhaust emission values and not harm the nature.<\/p>\n<\/div>\n<\/div>\n\n\n\n<div class=\"wp-block-columns alignwide is-layout-flex wp-container-core-columns-is-layout-d2da2050 wp-block-columns-is-layout-flex\" style=\"margin-bottom:0\">\n<div class=\"wp-block-column has-ast-global-color-3-background-color has-background is-layout-flow wp-block-column-is-layout-flow\" style=\"padding-top:2em;padding-right:2em;padding-bottom:2em;padding-left:2em\">\n<h2 class=\"wp-block-heading\" id=\"single\" style=\"font-size:40px\">Vision &amp; Mission<\/h2>\n\n\n\n<hr class=\"wp-block-separator has-alpha-channel-opacity is-style-wide\"\/>\n\n\n\n<h4 class=\"wp-block-heading\">VISION<\/h4>\n\n\n\n<p class=\"has-drop-cap\">With its innovative character aiming to continuously increase its knowledge in the field of industrial furnace systems and with a sense of responsibility focusing on reliability and respect for the environment and human life as indispensable elements in its operations, HiThermCon aims;<\/p>\n\n\n\n<p>\u00bb To provide its customers with high quality, fast and the most economical solution possible,<\/p>\n\n\n\n<p>\u00bb To be a leading company that customers all over the world prefer to work with.<\/p>\n\n\n\n<hr class=\"wp-block-separator has-alpha-channel-opacity is-style-wide\"\/>\n\n\n\n<h4 class=\"wp-block-heading\">MISSION<\/h4>\n\n\n\n<p>\u00bb To ensure customer satisfaction by delivering high quality products and services to the customer quickly and economically<\/p>\n\n\n\n<p>\u00bb To provide continuity in innovative R&amp;D studies aimed at providing the solution that can meet the changing needs of the local and global market instantly and to ensure continuous improvement by acting with team spirit<\/p>\n\n\n\n<p>\u00bb Minimizing the impact of its operations on nature<\/p>\n\n\n\n<p>\u00bb To provide a safe, healthy and peaceful environment to its employees and to minimize the risks in the workplace<\/p>\n\n\n\n<p>\u00bb To establish long-term, honest and reliable relationships with all collaborators within the framework of mutual respect.<\/p>\n<\/div>\n\n\n\n<div class=\"wp-block-column has-ast-global-color-3-background-color has-background is-layout-flow wp-block-column-is-layout-flow\" style=\"padding-top:2em;padding-right:2em;padding-bottom:2em;padding-left:2em\">\n<h2 class=\"wp-block-heading\" id=\"family\" style=\"font-size:40px\">Quality Policy<\/h2>\n\n\n\n<p class=\"has-drop-cap\">In all stages of production and service solutions targeting customer satisfaction, HiThermCon has adopted to comply with the principles below;<\/p>\n\n\n\n<p>\u00bb The internalization of the continuous development of emerging technologies,<\/p>\n\n\n\n<p>\u00bb High level of staff training,<\/p>\n\n\n\n<p>\u00bb Customized design and project management,<\/p>\n\n\n\n<p>\u00bb Quality manufacturing in accordance with national and international standards.<\/p>\n\n\n\n<p>.<\/p>\n\n\n\n<div style=\"height:60px\" aria-hidden=\"true\" class=\"wp-block-spacer\"><\/div>\n\n\n\n<figure class=\"wp-block-image size-full has-custom-border\"><img loading=\"lazy\" decoding=\"async\" width=\"2560\" height=\"2277\" src=\"https:\/\/www.hithermcon.com\/htc\/wp-content\/uploads\/2024\/09\/20210813_hithermcon_kumpas-scaled-1.jpg\" alt=\"\" class=\"has-border-color wp-image-6920\" style=\"border-color:#ff2222;border-width:3px;border-top-left-radius:10px;border-top-right-radius:10px;border-bottom-left-radius:10px;border-bottom-right-radius:10px\" srcset=\"https:\/\/www.hithermcon.com\/htc\/wp-content\/uploads\/2024\/09\/20210813_hithermcon_kumpas-scaled-1.jpg 2560w, https:\/\/www.hithermcon.com\/htc\/wp-content\/uploads\/2024\/09\/20210813_hithermcon_kumpas-scaled-1-300x267.jpg 300w, https:\/\/www.hithermcon.com\/htc\/wp-content\/uploads\/2024\/09\/20210813_hithermcon_kumpas-scaled-1-1024x911.jpg 1024w, https:\/\/www.hithermcon.com\/htc\/wp-content\/uploads\/2024\/09\/20210813_hithermcon_kumpas-scaled-1-768x683.jpg 768w, https:\/\/www.hithermcon.com\/htc\/wp-content\/uploads\/2024\/09\/20210813_hithermcon_kumpas-scaled-1-1536x1366.jpg 1536w, https:\/\/www.hithermcon.com\/htc\/wp-content\/uploads\/2024\/09\/20210813_hithermcon_kumpas-scaled-1-2048x1822.jpg 2048w, https:\/\/www.hithermcon.com\/htc\/wp-content\/uploads\/2024\/09\/20210813_hithermcon_kumpas-scaled-1-13x12.jpg 13w\" sizes=\"auto, (max-width: 2560px) 100vw, 2560px\" \/><\/figure>\n<\/div>\n<\/div>\n<\/div>\n<\/div>","protected":false},"excerpt":{"rendered":"<p>Firmam\u0131z end\u00fcstriyel f\u0131r\u0131n sistemleri \u00fcretimi yapmakta olup firmam\u0131z\u0131n ismi HiThermCon, &#8220;Y\u00fcksek Is\u0131 Kontrol\u00fc&#8221; anlam\u0131na gelen &#8220;High Therm Control&#8221; ifadesinden gelmektedir. Firmam\u0131z, al\u00fcminyum, demir-\u00e7elik ve bak\u0131r &amp; bak\u0131r ala\u015f\u0131mlar\u0131 sekt\u00f6rlerinde kullan\u0131lan end\u00fcstriyel f\u0131r\u0131nlar\u0131na y\u00f6nelik \u00e7\u00f6z\u00fcmler sunmaktad\u0131r. Sesi a\u00e7\u0131n\u0131z.. Neden HiThermCon? End\u00fcstriyel f\u0131r\u0131n sistemi ihtiyac\u0131n\u0131z\u0131n \u00e7\u00f6z\u00fcm\u00fcne y\u00f6nelik do\u011fru yerdesiniz \u00e7\u00fcnk\u00fc sekt\u00f6rdeki 30 y\u0131ll\u0131k tecr\u00fcbesi ve bilgi birikimi [&hellip;]<\/p>\n","protected":false},"author":2,"featured_media":7630,"parent":0,"menu_order":0,"comment_status":"closed","ping_status":"closed","template":"","meta":{"site-sidebar-layout":"no-sidebar","site-content-layout":"page-builder","ast-site-content-layout":"default","site-content-style":"unboxed","site-sidebar-style":"unboxed","ast-global-header-display":"","ast-banner-title-visibility":"","ast-main-header-display":"","ast-hfb-above-header-display":"","ast-hfb-below-header-display":"","ast-hfb-mobile-header-display":"","site-post-title":"","ast-breadcrumbs-content":"","ast-featured-img":"disabled","footer-sml-layout":"","ast-disable-related-posts":"","theme-transparent-header-meta":"default","adv-header-id-meta":"","stick-header-meta":"","header-above-stick-meta":"","header-main-stick-meta":"","header-below-stick-meta":"","astra-migrate-meta-layouts":"set","ast-page-background-enabled":"default","ast-page-background-meta":{"desktop":{"background-color":"var(--ast-global-color-4)","background-image":"","background-repeat":"repeat","background-position":"center center","background-size":"auto","background-attachment":"scroll","background-type":"","background-media":"","overlay-type":"","overlay-color":"","overlay-opacity":"","overlay-gradient":""},"tablet":{"background-color":"","background-image":"","background-repeat":"repeat","background-position":"center center","background-size":"auto","background-attachment":"scroll","background-type":"","background-media":"","overlay-type":"","overlay-color":"","overlay-opacity":"","overlay-gradient":""},"mobile":{"background-color":"","background-image":"","background-repeat":"repeat","background-position":"center center","background-size":"auto","background-attachment":"scroll","background-type":"","background-media":"","overlay-type":"","overlay-color":"","overlay-opacity":"","overlay-gradient":""}},"ast-content-background-meta":{"desktop":{"background-color":"var(--ast-global-color-5)","background-image":"","background-repeat":"repeat","background-position":"center center","background-size":"auto","background-attachment":"scroll","background-type":"","background-media":"","overlay-type":"","overlay-color":"","overlay-opacity":"","overlay-gradient":""},"tablet":{"background-color":"var(--ast-global-color-5)","background-image":"","background-repeat":"repeat","background-position":"center center","background-size":"auto","background-attachment":"scroll","background-type":"","background-media":"","overlay-type":"","overlay-color":"","overlay-opacity":"","overlay-gradient":""},"mobile":{"background-color":"var(--ast-global-color-5)","background-image":"","background-repeat":"repeat","background-position":"center center","background-size":"auto","background-attachment":"scroll","background-type":"","background-media":"","overlay-type":"","overlay-color":"","overlay-opacity":"","overlay-gradient":""}},"footnotes":""},"class_list":["post-2792","page","type-page","status-publish","has-post-thumbnail","hentry"],"_links":{"self":[{"href":"https:\/\/www.hithermcon.com\/htc\/en\/wp-json\/wp\/v2\/pages\/2792","targetHints":{"allow":["GET"]}}],"collection":[{"href":"https:\/\/www.hithermcon.com\/htc\/en\/wp-json\/wp\/v2\/pages"}],"about":[{"href":"https:\/\/www.hithermcon.com\/htc\/en\/wp-json\/wp\/v2\/types\/page"}],"author":[{"embeddable":true,"href":"https:\/\/www.hithermcon.com\/htc\/en\/wp-json\/wp\/v2\/users\/2"}],"replies":[{"embeddable":true,"href":"https:\/\/www.hithermcon.com\/htc\/en\/wp-json\/wp\/v2\/comments?post=2792"}],"version-history":[{"count":71,"href":"https:\/\/www.hithermcon.com\/htc\/en\/wp-json\/wp\/v2\/pages\/2792\/revisions"}],"predecessor-version":[{"id":9221,"href":"https:\/\/www.hithermcon.com\/htc\/en\/wp-json\/wp\/v2\/pages\/2792\/revisions\/9221"}],"wp:featuredmedia":[{"embeddable":true,"href":"https:\/\/www.hithermcon.com\/htc\/en\/wp-json\/wp\/v2\/media\/7630"}],"wp:attachment":[{"href":"https:\/\/www.hithermcon.com\/htc\/en\/wp-json\/wp\/v2\/media?parent=2792"}],"curies":[{"name":"wp","href":"https:\/\/api.w.org\/{rel}","templated":true}]}}